{"id":562,"date":"2019-10-24T13:12:09","date_gmt":"2019-10-24T13:12:09","guid":{"rendered":"https:\/\/overworld.qodeinteractive.com\/?page_id=562"},"modified":"2026-05-16T22:48:04","modified_gmt":"2026-05-16T22:48:04","slug":"main-home","status":"publish","type":"page","link":"https:\/\/game-factory.fr\/","title":{"rendered":"Main home"},"content":{"rendered":"<div class=\"wpb-content-wrapper\"><p>[vc_row full_width=\u00a0\u00bbstretch_row\u00a0\u00bb][vc_column]<br \/>\n[vc_custom_heading text=\u00a0\u00bbGAME FACTORY\u00a0\u00bb font_container=\u00a0\u00bbtag:h1|font_size:60|text_align:center\u00a0\u00bb use_theme_fonts=\u00a0\u00bbyes\u00a0\u00bb]<br \/>\n[vc_custom_heading text=\u00a0\u00bbLA PLATEFORME GAMING FRAN\u00c7AISE\u00a0\u00bb font_container=\u00a0\u00bbtag:h3|font_size:24|text_align:center\u00a0\u00bb use_theme_fonts=\u00a0\u00bbyes\u00a0\u00bb]<br \/>\n[vc_column_text]<\/p>\n<p style=\"text-align:center; font-size:18px; max-width:700px; margin:0 auto 40px;\">Rejoins la communaut\u00e9 gaming #1 en France. Participe \u00e0 des tournois, suis les actualit\u00e9s gaming et connecte-toi avec des milliers de joueurs passionn\u00e9s.<\/p>\n<p>[\/vc_column_text]<br \/>\n[vc_row_inner][vc_column_inner width=\u00a0\u00bb1\/3&Prime;]<br \/>\n[vc_btn title=\u00a0\u00bbT\u00e9l\u00e9charger l&rsquo;App\u00a0\u00bb style=\u00a0\u00bbclassic\u00a0\u00bb color=\u00a0\u00bbtheme_style_2&Prime; size=\u00a0\u00bblg\u00a0\u00bb align=\u00a0\u00bbcenter\u00a0\u00bb link=\u00a0\u00bburl:#||\u00a0\u00bb]<br \/>\n[\/vc_column_inner][vc_column_inner width=\u00a0\u00bb1\/3&Prime;]<br \/>\n[vc_btn title=\u00a0\u00bbVoir les Tournois\u00a0\u00bb style=\u00a0\u00bboutline\u00a0\u00bb color=\u00a0\u00bbtheme_style_2&Prime; size=\u00a0\u00bblg\u00a0\u00bb align=\u00a0\u00bbcenter\u00a0\u00bb link=\u00a0\u00bburl:#tournois||\u00a0\u00bb]<br \/>\n[\/vc_column_inner][vc_column_inner width=\u00a0\u00bb1\/3&Prime;]<br \/>\n[vc_btn title=\u00a0\u00bbActus Gaming\u00a0\u00bb style=\u00a0\u00bboutline\u00a0\u00bb color=\u00a0\u00bbwhite\u00a0\u00bb size=\u00a0\u00bblg\u00a0\u00bb align=\u00a0\u00bbcenter\u00a0\u00bb link=\u00a0\u00bburl:#actus||\u00a0\u00bb]<br \/>\n[\/vc_column_inner][\/vc_row_inner]<br \/>\n[\/vc_column][\/vc_row]<\/p>\n<p>[vc_row full_width=\u00a0\u00bbstretch_row\u00a0\u00bb][vc_column]<br \/>\n[vc_custom_heading text=\u00a0\u00bbPOURQUOI GAME FACTORY ?\u00a0\u00bb font_container=\u00a0\u00bbtag:h2|font_size:42|text_align:center\u00a0\u00bb use_theme_fonts=\u00a0\u00bbyes\u00a0\u00bb]<br \/>\n[vc_row_inner][vc_column_inner width=\u00a0\u00bb1\/4&Prime;]<br \/>\n[vc_icon type=\u00a0\u00bbopeniconic\u00a0\u00bb icon_openiconic=\u00a0\u00bbvc-oi vc-oi-trophy\u00a0\u00bb color=\u00a0\u00bbtheme_style_2&Prime; size=\u00a0\u00bbxl\u00a0\u00bb align=\u00a0\u00bbcenter\u00a0\u00bb]<br \/>\n[vc_custom_heading text=\u00a0\u00bbTournois Comp\u00e9titifs\u00a0\u00bb font_container=\u00a0\u00bbtag:h4|font_size:20|text_align:center\u00a0\u00bb use_theme_fonts=\u00a0\u00bbyes\u00a0\u00bb]<br \/>\n[vc_column_text]<\/p>\n<p style=\"text-align:center;\">Des comp\u00e9titions r\u00e9guli\u00e8res sur vos jeux pr\u00e9f\u00e9r\u00e9s avec des prix \u00e0 gagner.<\/p>\n<p>[\/vc_column_text]<br \/>\n[\/vc_column_inner][vc_column_inner width=\u00a0\u00bb1\/4&Prime;]<br \/>\n[vc_icon type=\u00a0\u00bbopeniconic\u00a0\u00bb icon_openiconic=\u00a0\u00bbvc-oi vc-oi-rss\u00a0\u00bb color=\u00a0\u00bbtheme_style_2&Prime; size=\u00a0\u00bbxl\u00a0\u00bb align=\u00a0\u00bbcenter\u00a0\u00bb]<br \/>\n[vc_custom_heading text=\u00a0\u00bbActus Gaming\u00a0\u00bb font_container=\u00a0\u00bbtag:h4|font_size:20|text_align:center\u00a0\u00bb use_theme_fonts=\u00a0\u00bbyes\u00a0\u00bb]<br \/>\n[vc_column_text]<\/p>\n<p style=\"text-align:center;\">Les derni\u00e8res nouvelles du monde du gaming en temps r\u00e9el.<\/p>\n<p>[\/vc_column_text]<br \/>\n[\/vc_column_inner][vc_column_inner width=\u00a0\u00bb1\/4&Prime;]<br \/>\n[vc_icon type=\u00a0\u00bbopeniconic\u00a0\u00bb icon_openiconic=\u00a0\u00bbvc-oi vc-oi-phone\u00a0\u00bb color=\u00a0\u00bbtheme_style_2&Prime; size=\u00a0\u00bbxl\u00a0\u00bb align=\u00a0\u00bbcenter\u00a0\u00bb]<br \/>\n[vc_custom_heading text=\u00a0\u00bbApp Mobile\u00a0\u00bb font_container=\u00a0\u00bbtag:h4|font_size:20|text_align:center\u00a0\u00bb use_theme_fonts=\u00a0\u00bbyes\u00a0\u00bb]<br \/>\n[vc_column_text]<\/p>\n<p style=\"text-align:center;\">Disponible sur iOS et Android, jouez et suivez vos tournois partout.<\/p>\n<p>[\/vc_column_text]<br \/>\n[\/vc_column_inner][vc_column_inner width=\u00a0\u00bb1\/4&Prime;]<br \/>\n[vc_icon type=\u00a0\u00bbopeniconic\u00a0\u00bb icon_openiconic=\u00a0\u00bbvc-oi vc-oi-people\u00a0\u00bb color=\u00a0\u00bbtheme_style_2&Prime; size=\u00a0\u00bbxl\u00a0\u00bb align=\u00a0\u00bbcenter\u00a0\u00bb]<br \/>\n[vc_custom_heading text=\u00a0\u00bbCommunaut\u00e9\u00a0\u00bb font_container=\u00a0\u00bbtag:h4|font_size:20|text_align:center\u00a0\u00bb use_theme_fonts=\u00a0\u00bbyes\u00a0\u00bb]<br \/>\n[vc_column_text]<\/p>\n<p style=\"text-align:center;\">Rejoins des milliers de gamers fran\u00e7ais passionn\u00e9s.<\/p>\n<p>[\/vc_column_text]<br \/>\n[\/vc_column_inner][\/vc_row_inner]<br \/>\n[\/vc_column][\/vc_row]<\/p>\n<p>[vc_row full_width=\u00a0\u00bbstretch_row\u00a0\u00bb][vc_column]<br \/>\n[vc_custom_heading text=\u00a0\u00bbTOURNOIS EN COURS\u00a0\u00bb font_container=\u00a0\u00bbtag:h2|font_size:42|text_align:center\u00a0\u00bb use_theme_fonts=\u00a0\u00bbyes\u00a0\u00bb]<br \/>\n[qode_overworld_tournament number=\u00a0\u00bb6&Prime; columns=\u00a0\u00bb3&Prime;]<br \/>\n[vc_btn title=\u00a0\u00bbVoir tous les tournois\u00a0\u00bb style=\u00a0\u00bbclassic\u00a0\u00bb color=\u00a0\u00bbtheme_style_2&Prime; size=\u00a0\u00bblg\u00a0\u00bb align=\u00a0\u00bbcenter\u00a0\u00bb link=\u00a0\u00bburl:\/tournois||\u00a0\u00bb]<br \/>\n[\/vc_column][\/vc_row]<\/p>\n<p>[vc_row full_width=\u00a0\u00bbstretch_row\u00a0\u00bb][vc_column]<br \/>\n[vc_custom_heading text=\u00a0\u00bbDERNI\u00c8RES ACTUS GAMING\u00a0\u00bb font_container=\u00a0\u00bbtag:h2|font_size:42|text_align:center\u00a0\u00bb use_theme_fonts=\u00a0\u00bbyes\u00a0\u00bb]<br \/>\n[vc_basic_grid post_type=\u00a0\u00bbpost\u00a0\u00bb max_items=\u00a0\u00bb6&Prime; grid_id=\u00a0\u00bbvc_gid:1700000001-news\u00a0\u00bb columns=\u00a0\u00bb3&Prime; gap=\u00a0\u00bb15&Prime; items_per_page=\u00a0\u00bb6&Prime;]<br \/>\n[vc_btn title=\u00a0\u00bbToutes les actus\u00a0\u00bb style=\u00a0\u00bboutline\u00a0\u00bb color=\u00a0\u00bbtheme_style_2&Prime; size=\u00a0\u00bblg\u00a0\u00bb align=\u00a0\u00bbcenter\u00a0\u00bb link=\u00a0\u00bburl:\/blog||\u00a0\u00bb]<br \/>\n[\/vc_column][\/vc_row]<\/p>\n<p>[vc_row full_width=\u00a0\u00bbstretch_row\u00a0\u00bb][vc_column]<br \/>\n[vc_row_inner][vc_column_inner width=\u00a0\u00bb1\/2&Prime;]<br \/>\n[vc_custom_heading text=\u00a0\u00bbT\u00c9L\u00c9CHARGE L&rsquo;APPLICATION GAME FACTORY\u00a0\u00bb font_container=\u00a0\u00bbtag:h2|font_size:36|text_align:left\u00a0\u00bb use_theme_fonts=\u00a0\u00bbyes\u00a0\u00bb]<br \/>\n[vc_column_text]<\/p>\n<p style=\"font-size:16px; margin-bottom:30px;\">Retrouve tous tes tournois, les scores en direct, les actualit\u00e9s gaming et ta communaut\u00e9 directement depuis ton smartphone.<\/p>\n<p>[\/vc_column_text]<br \/>\n[vc_row_inner][vc_column_inner width=\u00a0\u00bb1\/2&Prime;]<br \/>\n[vc_btn title=\u00a0\u00bbApp Store\u00a0\u00bb style=\u00a0\u00bbclassic\u00a0\u00bb color=\u00a0\u00bbtheme_style_2&Prime; size=\u00a0\u00bbmd\u00a0\u00bb align=\u00a0\u00bbleft\u00a0\u00bb link=\u00a0\u00bburl:#||\u00a0\u00bb]<br \/>\n[\/vc_column_inner][vc_column_inner width=\u00a0\u00bb1\/2&Prime;]<br \/>\n[vc_btn title=\u00a0\u00bbGoogle Play\u00a0\u00bb style=\u00a0\u00bboutline\u00a0\u00bb color=\u00a0\u00bbtheme_style_2&Prime; size=\u00a0\u00bbmd\u00a0\u00bb align=\u00a0\u00bbleft\u00a0\u00bb link=\u00a0\u00bburl:#||\u00a0\u00bb]<br \/>\n[\/vc_column_inner][\/vc_row_inner]<br \/>\n[\/vc_column_inner][vc_column_inner width=\u00a0\u00bb1\/2&Prime;]<br \/>\n[vc_single_image image=\u00a0\u00bb\u00a0\u00bb img_size=\u00a0\u00bbfull\u00a0\u00bb alignment=\u00a0\u00bbcenter\u00a0\u00bb]<br \/>\n[\/vc_column_inner][\/vc_row_inner]<br \/>\n[\/vc_column][\/vc_row]<\/p>\n<\/div>","protected":false},"excerpt":{"rendered":"<p>[vc_row full_width=\u00a0\u00bbstretch_row\u00a0\u00bb][vc_column] [vc_custom_heading text=\u00a0\u00bbGAME FACTORY\u00a0\u00bb font_container=\u00a0\u00bbtag:h1|font_size:60|text_align:center\u00a0\u00bb use_theme_fonts=\u00a0\u00bbyes\u00a0\u00bb] [vc_custom_heading text=\u00a0\u00bbLA PLATEFORME GAMING FRAN\u00c7AISE\u00a0\u00bb font_container=\u00a0\u00bbtag:h3|font_size:24|text_align:center\u00a0\u00bb use_theme_fonts=\u00a0\u00bbyes\u00a0\u00bb] [vc_column_text] Rejoins la communaut\u00e9 gaming #1 en France. Participe \u00e0 des tournois, suis les actualit\u00e9s gaming et connecte-toi avec des milliers de joueurs passionn\u00e9s. [\/vc_column_text] [vc_row_inner][vc_column_inner [&hellip;]<\/p>\n","protected":false},"author":1,"featured_media":0,"parent":0,"menu_order":0,"comment_status":"closed","ping_status":"closed","template":"full-width.php","meta":{"footnotes":""},"class_list":["post-562","page","type-page","status-publish","hentry"],"_links":{"self":[{"href":"https:\/\/game-factory.fr\/index.php?rest_route=\/wp\/v2\/pages\/562","targetHints":{"allow":["GET"]}}],"collection":[{"href":"https:\/\/game-factory.fr\/index.php?rest_route=\/wp\/v2\/pages"}],"about":[{"href":"https:\/\/game-factory.fr\/index.php?rest_route=\/wp\/v2\/types\/page"}],"author":[{"embeddable":true,"href":"https:\/\/game-factory.fr\/index.php?rest_route=\/wp\/v2\/users\/1"}],"replies":[{"embeddable":true,"href":"https:\/\/game-factory.fr\/index.php?rest_route=%2Fwp%2Fv2%2Fcomments&post=562"}],"version-history":[{"count":6,"href":"https:\/\/game-factory.fr\/index.php?rest_route=\/wp\/v2\/pages\/562\/revisions"}],"predecessor-version":[{"id":2748,"href":"https:\/\/game-factory.fr\/index.php?rest_route=\/wp\/v2\/pages\/562\/revisions\/2748"}],"wp:attachment":[{"href":"https:\/\/game-factory.fr\/index.php?rest_route=%2Fwp%2Fv2%2Fmedia&parent=562"}],"curies":[{"name":"wp","href":"https:\/\/api.w.org\/{rel}","templated":true}]}}