{"id":1255,"date":"2019-11-12T10:42:37","date_gmt":"2019-11-12T10:42:37","guid":{"rendered":"https:\/\/overworld.qodeinteractive.com\/?page_id=1255"},"modified":"2019-11-12T10:42:37","modified_gmt":"2019-11-12T10:42:37","slug":"checkout","status":"publish","type":"page","link":"https:\/\/game-factory.fr\/?page_id=1255","title":{"rendered":"Checkout"},"content":{"rendered":"<div class=\"wpb-content-wrapper\"><p>[vc_row enable_box_shadow=\u00a0\u00bbno\u00a0\u00bb][vc_column]<div class=\"woocommerce\"><div class=\"woocommerce-notices-wrapper\"><\/div><div class=\"woocommerce-form-coupon-toggle\">\n\t\n\t<div class=\"woocommerce-info\">\n\t\tAvez-vous un code promo\u00a0? <a href=\"#\" role=\"button\" aria-label=\"Saisissez votre code promo\" aria-controls=\"woocommerce-checkout-form-coupon\" aria-expanded=\"false\" class=\"showcoupon\">Cliquez ici pour saisir votre code<\/a>\t<\/div>\n<\/div>\n\n<form class=\"checkout_coupon woocommerce-form-coupon\" method=\"post\" style=\"display:none\" id=\"woocommerce-checkout-form-coupon\">\n\n\t<p class=\"form-row form-row-first\">\n\t\t<label for=\"coupon_code\" class=\"screen-reader-text\">Code promo\u00a0:<\/label>\n\t\t<input type=\"text\" name=\"coupon_code\" class=\"input-text\" placeholder=\"Code promo\" id=\"coupon_code\" value=\"\" \/>\n\t<\/p>\n\n\t<p class=\"form-row form-row-last\">\n\t\t<button type=\"submit\" class=\"button\" name=\"apply_coupon\" value=\"Appliquer le code promo\">Appliquer le code promo<\/button>\n\t<\/p>\n\n\t<div class=\"clear\"><\/div>\n<\/form>\n<div class=\"woocommerce-notices-wrapper\"><\/div>\n<form name=\"checkout\" method=\"post\" class=\"checkout woocommerce-checkout\" action=\"https:\/\/game-factory.fr\/?page_id=11\" enctype=\"multipart\/form-data\" aria-label=\"Commander\">\n\n\t\n\t\t\n\t\t<div class=\"col2-set\" id=\"customer_details\">\n\t\t\t<div class=\"col-1\">\n\t\t\t\t<wc-order-attribution-inputs><\/wc-order-attribution-inputs><div class=\"woocommerce-billing-fields\">\n\t\n\t\t<h3>D\u00e9tails de facturation<\/h3>\n\n\t\n\t\n\t<div class=\"woocommerce-billing-fields__field-wrapper\">\n\t\t<p class=\"form-row form-row-first validate-required\" id=\"billing_first_name_field\" data-priority=\"10\"><label for=\"billing_first_name\" class=\"required_field\">Pr\u00e9nom&nbsp;<span class=\"required\" aria-hidden=\"true\">*<\/span><\/label><span class=\"woocommerce-input-wrapper\"><input type=\"text\" class=\"input-text \" name=\"billing_first_name\" id=\"billing_first_name\" placeholder=\"\"  value=\"\" aria-required=\"true\" autocomplete=\"given-name\" \/><\/span><\/p><p class=\"form-row form-row-last validate-required\" id=\"billing_last_name_field\" data-priority=\"20\"><label for=\"billing_last_name\" class=\"required_field\">Nom&nbsp;<span class=\"required\" aria-hidden=\"true\">*<\/span><\/label><span class=\"woocommerce-input-wrapper\"><input type=\"text\" class=\"input-text \" name=\"billing_last_name\" id=\"billing_last_name\" placeholder=\"\"  value=\"\" aria-required=\"true\" autocomplete=\"family-name\" \/><\/span><\/p><p class=\"form-row form-row-wide address-field update_totals_on_change validate-required\" id=\"billing_country_field\" data-priority=\"40\"><label for=\"billing_country\" class=\"required_field\">Pays\/r\u00e9gion&nbsp;<span class=\"required\" aria-hidden=\"true\">*<\/span><\/label><span class=\"woocommerce-input-wrapper\"><select name=\"billing_country\" id=\"billing_country\" class=\"country_to_state country_select \" aria-required=\"true\" autocomplete=\"country\" data-placeholder=\"S\u00e9lectionner un pays\/r\u00e9gion\u2026\" data-label=\"Pays\/r\u00e9gion\"><option value=\"\">S\u00e9lectionner un pays\/r\u00e9gion\u2026<\/option><option value=\"AF\" >Afghanistan<\/option><option value=\"ZA\" >Afrique du Sud<\/option><option value=\"AX\" >\u00c5land Islands<\/option><option value=\"AL\" >Albanie<\/option><option value=\"DZ\" >Alg\u00e9rie<\/option><option value=\"DE\" >Allemagne<\/option><option value=\"AS\" >American Samoa<\/option><option value=\"AD\" >Andorre<\/option><option value=\"AO\" >Angola<\/option><option value=\"AI\" >Anguilla<\/option><option value=\"AQ\" >Antarctique<\/option><option value=\"AG\" >Antigua-et-Barbuda<\/option><option value=\"SA\" >Arabie Saoudite<\/option><option value=\"AR\" >Argentine<\/option><option value=\"AM\" >Arm\u00e9nie<\/option><option value=\"AW\" >Aruba<\/option><option value=\"AU\" >Australie<\/option><option value=\"AT\" >Autriche<\/option><option value=\"AZ\" >Azerbaijan<\/option><option value=\"BS\" >Bahamas<\/option><option value=\"BH\" >Bahrain<\/option><option value=\"BD\" >Bangladesh<\/option><option value=\"BB\" >Barbades<\/option><option value=\"PW\" >Belau<\/option><option value=\"BE\" >Belgique<\/option><option value=\"BZ\" >Belize<\/option><option value=\"BJ\" >Benin<\/option><option value=\"BM\" >Bermudes<\/option><option value=\"BT\" >Bhutan<\/option><option value=\"BY\" >Bi\u00e9lorussie<\/option><option value=\"BO\" >Bolivie<\/option><option value=\"BA\" >Bosnie-Herz\u00e9govine<\/option><option value=\"BW\" >Botswana<\/option><option value=\"BR\" >Br\u00e9sil<\/option><option value=\"BN\" >Brunei<\/option><option value=\"BG\" >Bulgarie<\/option><option value=\"BF\" >Burkina Faso<\/option><option value=\"BI\" >Burundi<\/option><option value=\"KH\" >Cambodge<\/option><option value=\"CM\" >Cameroun<\/option><option value=\"CA\" >Canada<\/option><option value=\"CV\" >Cap Vert<\/option><option value=\"CL\" >Chili<\/option><option value=\"CN\" >Chine<\/option><option value=\"CX\" >Christmas Island<\/option><option value=\"CY\" >Chypre<\/option><option value=\"CO\" >Colombie<\/option><option value=\"KM\" >Comores<\/option><option value=\"CG\" >Congo (Brazzaville)<\/option><option value=\"CD\" >Congo (Kinshasa)<\/option><option value=\"KP\" >Cor\u00e9e du Nord<\/option><option value=\"KR\" >Cor\u00e9e du Sud<\/option><option value=\"CR\" >Costa Rica<\/option><option value=\"CI\" >C\u00f4te-d\u2019Ivoire<\/option><option value=\"HR\" >Croatie<\/option><option value=\"CU\" >Cuba<\/option><option value=\"CW\" >Cura\u00e7ao<\/option><option value=\"DK\" >Danemark<\/option><option value=\"DJ\" >Djibouti<\/option><option value=\"DM\" >Dominique<\/option><option value=\"EG\" >\u00c9gypte<\/option><option value=\"AE\" >\u00c9mirats Arabes Unis<\/option><option value=\"EC\" >\u00c9quateur<\/option><option value=\"ER\" >Erythr\u00e9e<\/option><option value=\"ES\" >Espagne<\/option><option value=\"EE\" >Estonie<\/option><option value=\"SZ\" >Eswatini<\/option><option value=\"US\"  selected='selected'>Etats-Unis (USA)<\/option><option value=\"ET\" >\u00c9thiopie<\/option><option value=\"FJ\" >Fidji<\/option><option value=\"FI\" >Finlande<\/option><option value=\"FR\" >France<\/option><option value=\"GA\" >Gabon<\/option><option value=\"GM\" >Gambie<\/option><option value=\"GE\" >G\u00e9orgie<\/option><option value=\"GS\" >G\u00e9orgie du Sud \/ \u00eeles Sandwich<\/option><option value=\"GH\" >Ghana<\/option><option value=\"GI\" >Gibraltar<\/option><option value=\"GR\" >Gr\u00e8ce<\/option><option value=\"GD\" >Grenade<\/option><option value=\"GL\" >Groenland<\/option><option value=\"GP\" >Guadeloupe<\/option><option value=\"GU\" >Guam<\/option><option value=\"GT\" >Guatemala<\/option><option value=\"GG\" >Guernesey<\/option><option value=\"GN\" >Guin\u00e9e<\/option><option value=\"GQ\" >Guin\u00e9e \u00e9quatoriale<\/option><option value=\"GW\" >Guin\u00e9e-Bissau<\/option><option value=\"GY\" >Guyane<\/option><option value=\"GF\" >Guyane Fran\u00e7aise<\/option><option value=\"HT\" >Ha\u00efti<\/option><option value=\"HN\" >Honduras<\/option><option value=\"HK\" >Hong Kong<\/option><option value=\"HU\" >Hongrie<\/option><option value=\"BV\" >\u00cele Bouvet<\/option><option value=\"IM\" >\u00cele de Man<\/option><option value=\"NF\" >\u00cele Norfolk<\/option><option value=\"KY\" >\u00celes Ca\u00efmans<\/option><option value=\"CC\" >\u00celes Cocos<\/option><option value=\"CK\" >\u00celes Cook<\/option><option value=\"FK\" >\u00celes Falkland<\/option><option value=\"FO\" >\u00celes F\u00e9ro\u00e9<\/option><option value=\"HM\" >\u00celes Heard-et-MacDonald<\/option><option value=\"MH\" >\u00celes Marshall<\/option><option value=\"UM\" >\u00celes Mineures \u00e9loign\u00e9es des \u00c9tats-Unis<\/option><option value=\"SB\" >\u00celes Salomon<\/option><option value=\"TC\" >\u00celes Turques et Ca\u00efques<\/option><option value=\"IN\" >Inde<\/option><option value=\"ID\" >Indon\u00e9sie<\/option><option value=\"IR\" >Iran<\/option><option value=\"IQ\" >Iraq<\/option><option value=\"IE\" >Irlande<\/option><option value=\"IS\" >Islande<\/option><option value=\"IL\" >Isra\u00ebl<\/option><option value=\"IT\" >Italie<\/option><option value=\"JM\" >Jama\u00efque<\/option><option value=\"JP\" >Japon<\/option><option value=\"JE\" >Jersey<\/option><option value=\"JO\" >Jordanie<\/option><option value=\"KZ\" >Kazakhstan<\/option><option value=\"KE\" >Kenya<\/option><option value=\"KI\" >Kiribati<\/option><option value=\"KW\" >Kowe\u00eft<\/option><option value=\"KG\" >Kyrgyzstan<\/option><option value=\"RE\" >La R\u00e9union<\/option><option value=\"LA\" >Laos<\/option><option value=\"LS\" >Lesotho<\/option><option value=\"LV\" >Lettonie<\/option><option value=\"LB\" >Liban<\/option><option value=\"LR\" >Liberia<\/option><option value=\"LY\" >Libye<\/option><option value=\"LI\" >Liechtenstein<\/option><option value=\"LT\" >Lituanie<\/option><option value=\"LU\" >Luxembourg<\/option><option value=\"MO\" >Macao<\/option><option value=\"MK\" >Mac\u00e9doine du Nord<\/option><option value=\"MG\" >Madagascar<\/option><option value=\"MY\" >Malaisie<\/option><option value=\"MW\" >Malawi<\/option><option value=\"MV\" >Maldives<\/option><option value=\"ML\" >Mali<\/option><option value=\"MT\" >Malte<\/option><option value=\"MA\" >Maroc<\/option><option value=\"MQ\" >Martinique<\/option><option value=\"MU\" >Maurice<\/option><option value=\"MR\" >Mauritanie<\/option><option value=\"YT\" >Mayotte<\/option><option value=\"MX\" >Mexique<\/option><option value=\"FM\" >Micron\u00e9sie<\/option><option value=\"MD\" >Moldavie<\/option><option value=\"MC\" >Monaco<\/option><option value=\"MN\" >Mongolie<\/option><option value=\"ME\" >Montenegro<\/option><option value=\"MS\" >Montserrat<\/option><option value=\"MZ\" >Mozambique<\/option><option value=\"MM\" >Myanmar<\/option><option value=\"NA\" >Namibie<\/option><option value=\"NR\" >Nauru<\/option><option value=\"NP\" >N\u00e9pal<\/option><option value=\"NI\" >Nicaragua<\/option><option value=\"NE\" >Niger<\/option><option value=\"NG\" >Nigeria<\/option><option value=\"NU\" >Niue<\/option><option value=\"MP\" >Northern Mariana Islands<\/option><option value=\"NO\" >Norv\u00e8ge<\/option><option value=\"NC\" >Nouvelle-Cal\u00e9donie<\/option><option value=\"NZ\" >Nouvelle-Z\u00e9lande<\/option><option value=\"OM\" >Oman<\/option><option value=\"PK\" >Pakistan<\/option><option value=\"PA\" >Panama<\/option><option value=\"PG\" >Papouasie-Nouvelle-Guin\u00e9e<\/option><option value=\"PY\" >Paraguay<\/option><option value=\"NL\" >Pays-Bas<\/option><option value=\"PE\" >P\u00e9rou<\/option><option value=\"PH\" >Philippines<\/option><option value=\"PN\" >Pitcairn<\/option><option value=\"PL\" >Pologne<\/option><option value=\"PF\" >Polyn\u00e9sie Fran\u00e7aise<\/option><option value=\"PT\" >Portugal<\/option><option value=\"PR\" >Puerto Rico<\/option><option value=\"QA\" >Qatar<\/option><option value=\"CF\" >R\u00e9publique Centrafricaine<\/option><option value=\"DO\" >R\u00e9publique Dominicaine<\/option><option value=\"CZ\" >R\u00e9publique Tch\u00e8que<\/option><option value=\"RO\" >Roumanie<\/option><option value=\"GB\" >Royaume-Uni (UK)<\/option><option value=\"RU\" >Russie<\/option><option value=\"RW\" >Rwanda<\/option><option value=\"BQ\" >Saba, Saint-Eustache et Bonaire<\/option><option value=\"EH\" >Sahara occidental<\/option><option value=\"BL\" >Saint Barth\u00e9lemy<\/option><option value=\"PM\" >Saint Pierre et Miquelon<\/option><option value=\"KN\" >Saint-Kitts-et-Nevis<\/option><option value=\"MF\" >Saint-Martin (partie fran\u00e7aise)<\/option><option value=\"SX\" >Saint-Martin (partie n\u00e9erlandaise)<\/option><option value=\"VC\" >Saint-Vincent-et-les-Grenadines<\/option><option value=\"SH\" >Sainte-H\u00e9l\u00e8ne<\/option><option value=\"LC\" >Sainte-Lucie<\/option><option value=\"SV\" >Salvador<\/option><option value=\"WS\" >Samoa<\/option><option value=\"SM\" >San Marino<\/option><option value=\"ST\" >Sao Tom\u00e9-et-Principe<\/option><option value=\"SN\" >S\u00e9n\u00e9gal<\/option><option value=\"RS\" >Serbie<\/option><option value=\"SC\" >Seychelles<\/option><option value=\"SL\" >Sierra Leone<\/option><option value=\"SG\" >Singapour<\/option><option value=\"SK\" >Slovaquie<\/option><option value=\"SI\" >Slov\u00e9nie<\/option><option value=\"SO\" >Somalie<\/option><option value=\"SD\" >Soudan<\/option><option value=\"SS\" >Soudan du Sud<\/option><option value=\"LK\" >Sri Lanka<\/option><option value=\"SE\" >Su\u00e8de<\/option><option value=\"CH\" >Suisse<\/option><option value=\"SR\" >Suriname<\/option><option value=\"SJ\" >Svalbard et Jan Mayen<\/option><option value=\"SY\" >Syrie<\/option><option value=\"TW\" >Taiwan<\/option><option value=\"TJ\" >Tajikistan<\/option><option value=\"TZ\" >Tanzanie<\/option><option value=\"TD\" >Tchad<\/option><option value=\"TF\" >Terres Australes Fran\u00e7aises<\/option><option value=\"IO\" >Territoire britannique de l\u2019oc\u00e9an Indien<\/option><option value=\"PS\" >Territoire Palestinien<\/option><option value=\"TH\" >Thailande<\/option><option value=\"TL\" >Timor oriental<\/option><option value=\"TG\" >Togo<\/option><option value=\"TK\" >Tokelau<\/option><option value=\"TO\" >Tonga<\/option><option value=\"TT\" >Trinit\u00e9-et-Tobago<\/option><option value=\"TN\" >Tunisie<\/option><option value=\"TM\" >Turkm\u00e9nistan<\/option><option value=\"TR\" >Turquie<\/option><option value=\"TV\" >Tuvalu<\/option><option value=\"UG\" >Uganda<\/option><option value=\"UA\" >Ukraine<\/option><option value=\"UY\" >Uruguay<\/option><option value=\"UZ\" >Uzbekistan<\/option><option value=\"VU\" >Vanuatu<\/option><option value=\"VA\" >Vatican<\/option><option value=\"VE\" >Venezuela<\/option><option value=\"VN\" >Vietnam<\/option><option value=\"VG\" >Virgin Islands (British)<\/option><option value=\"VI\" >Virgin Islands (US)<\/option><option value=\"WF\" >Wallis et Futuna<\/option><option value=\"YE\" >Yemen<\/option><option value=\"ZM\" >Zambie<\/option><option value=\"ZW\" >Zimbabwe<\/option>&nbsp;<span class=\"required\" aria-hidden=\"true\">*<\/span><\/select><noscript><button type=\"submit\" name=\"woocommerce_checkout_update_totals\" value=\"Mettre \u00e0 jour le pays\/r\u00e9gion\">Mettre \u00e0 jour le pays\/r\u00e9gion<\/button><\/noscript><\/span><\/p><p class=\"form-row form-row-wide address-field validate-required\" id=\"billing_address_1_field\" data-priority=\"50\"><label for=\"billing_address_1\" class=\"required_field\">Num\u00e9ro et nom de rue&nbsp;<span class=\"required\" aria-hidden=\"true\">*<\/span><\/label><span class=\"woocommerce-input-wrapper\"><input type=\"text\" class=\"input-text \" name=\"billing_address_1\" id=\"billing_address_1\" placeholder=\"Num\u00e9ro de voie et nom de la rue\"  value=\"\" aria-required=\"true\" autocomplete=\"address-line1\" \/><\/span><\/p><p class=\"form-row form-row-wide address-field\" id=\"billing_address_2_field\" data-priority=\"60\"><label for=\"billing_address_2\" class=\"screen-reader-text\">Appartement, suite, unit\u00e9, etc.&nbsp;<span class=\"optional\">(facultatif)<\/span><\/label><span class=\"woocommerce-input-wrapper\"><input type=\"text\" class=\"input-text \" name=\"billing_address_2\" id=\"billing_address_2\" placeholder=\"B\u00e2timent, appartement, lot, etc. (facultatif)\"  value=\"\" autocomplete=\"address-line2\" \/><\/span><\/p><p class=\"form-row form-row-wide address-field validate-required\" id=\"billing_city_field\" data-priority=\"70\"><label for=\"billing_city\" class=\"required_field\">Ville&nbsp;<span class=\"required\" aria-hidden=\"true\">*<\/span><\/label><span class=\"woocommerce-input-wrapper\"><input type=\"text\" class=\"input-text \" name=\"billing_city\" id=\"billing_city\" placeholder=\"\"  value=\"\" aria-required=\"true\" autocomplete=\"address-level2\" \/><\/span><\/p><p class=\"form-row form-row-wide address-field validate-required validate-state\" id=\"billing_state_field\" data-priority=\"80\"><label for=\"billing_state\" class=\"required_field\">\u00c9tat&nbsp;<span class=\"required\" aria-hidden=\"true\">*<\/span><\/label><span class=\"woocommerce-input-wrapper\"><select name=\"billing_state\" id=\"billing_state\" class=\"state_select \" aria-required=\"true\" autocomplete=\"address-level1\" data-placeholder=\"S\u00e9lectionner une option\u2026\"  data-input-classes=\"\" data-label=\"\u00c9tat\">\n\t\t\t\t\t\t<option value=\"\">S\u00e9lectionner une option\u2026<\/option><option value=\"AL\" >Alabama<\/option><option value=\"AK\" >Alaska<\/option><option value=\"AZ\" >Arizona<\/option><option value=\"AR\" >Arkansas<\/option><option value=\"CA\"  selected='selected'>California<\/option><option value=\"CO\" >Colorado<\/option><option value=\"CT\" >Connecticut<\/option><option value=\"DE\" >Delaware<\/option><option value=\"DC\" >District de Columbia<\/option><option value=\"FL\" >Florida<\/option><option value=\"GA\" >G\u00e9orgie<\/option><option value=\"HI\" >Hawaii<\/option><option value=\"ID\" >Idaho<\/option><option value=\"IL\" >Illinois<\/option><option value=\"IN\" >Indiana<\/option><option value=\"IA\" >Iowa<\/option><option value=\"KS\" >Kansas<\/option><option value=\"KY\" >Kentucky<\/option><option value=\"LA\" >Louisiana<\/option><option value=\"ME\" >Maine<\/option><option value=\"MD\" >Maryland<\/option><option value=\"MA\" >Massachusetts<\/option><option value=\"MI\" >Michigan<\/option><option value=\"MN\" >Minnesota<\/option><option value=\"MS\" >Mississippi<\/option><option value=\"MO\" >Missouri<\/option><option value=\"MT\" >Montana<\/option><option value=\"NE\" >Nebraska<\/option><option value=\"NV\" >Nevada<\/option><option value=\"NH\" >New Hampshire<\/option><option value=\"NJ\" >New Jersey<\/option><option value=\"NM\" >New Mexico<\/option><option value=\"NY\" >New York<\/option><option value=\"NC\" >Caroline du Nord<\/option><option value=\"ND\" >Dakota du Nord<\/option><option value=\"OH\" >Ohio<\/option><option value=\"OK\" >Oklahoma<\/option><option value=\"OR\" >Oregon<\/option><option value=\"PA\" >Pennsylvania<\/option><option value=\"RI\" >Rhode Island<\/option><option value=\"SC\" >South Carolina<\/option><option value=\"SD\" >South Dakota<\/option><option value=\"TN\" >Tennessee<\/option><option value=\"TX\" >Texas<\/option><option value=\"UT\" >Utah<\/option><option value=\"VT\" >Vermont<\/option><option value=\"VA\" >Virginia<\/option><option value=\"WA\" >Washington<\/option><option value=\"WV\" >West Virginia<\/option><option value=\"WI\" >Wisconsin<\/option><option value=\"WY\" >Wyoming<\/option><option value=\"AA\" >Forces arm\u00e9es am\u00e9ricaines (AA)<\/option><option value=\"AE\" >Forces arm\u00e9es am\u00e9ricaines (AE)<\/option><option value=\"AP\" >Forces arm\u00e9es am\u00e9ricaines (AP)<\/option><\/select><\/span><\/p><p class=\"form-row form-row-wide address-field validate-required validate-postcode\" id=\"billing_postcode_field\" data-priority=\"90\"><label for=\"billing_postcode\" class=\"required_field\">Code postal&nbsp;<span class=\"required\" aria-hidden=\"true\">*<\/span><\/label><span class=\"woocommerce-input-wrapper\"><input type=\"text\" class=\"input-text \" name=\"billing_postcode\" id=\"billing_postcode\" placeholder=\"\"  value=\"\" aria-required=\"true\" autocomplete=\"postal-code\" \/><\/span><\/p><p class=\"form-row form-row-wide validate-phone\" id=\"billing_phone_field\" data-priority=\"100\"><label for=\"billing_phone\" class=\"\">T\u00e9l\u00e9phone&nbsp;<span class=\"optional\">(facultatif)<\/span><\/label><span class=\"woocommerce-input-wrapper\"><input type=\"tel\" class=\"input-text \" name=\"billing_phone\" id=\"billing_phone\" placeholder=\"\"  value=\"\" autocomplete=\"tel\" \/><\/span><\/p><p class=\"form-row form-row-wide validate-required validate-email\" id=\"billing_email_field\" data-priority=\"110\"><label for=\"billing_email\" class=\"required_field\">Adresse e-mail&nbsp;<span class=\"required\" aria-hidden=\"true\">*<\/span><\/label><span class=\"woocommerce-input-wrapper\"><input type=\"email\" class=\"input-text \" name=\"billing_email\" id=\"billing_email\" placeholder=\"\"  value=\"\" aria-required=\"true\" autocomplete=\"email\" \/><\/span><\/p>\t<\/div>\n\n\t<\/div>\n\n\t\t\t<\/div>\n\n\t\t\t<div class=\"col-2\">\n\t\t\t\t<div class=\"woocommerce-shipping-fields\">\n\t<\/div>\n<div class=\"woocommerce-additional-fields\">\n\t\n\t\n\t\t\n\t\t\t<h3>Informations compl\u00e9mentaires<\/h3>\n\n\t\t\n\t\t<div class=\"woocommerce-additional-fields__field-wrapper\">\n\t\t\t\t\t\t\t<p class=\"form-row notes\" id=\"order_comments_field\" data-priority=\"\"><label for=\"order_comments\" class=\"\">Notes de commande&nbsp;<span class=\"optional\">(facultatif)<\/span><\/label><span class=\"woocommerce-input-wrapper\"><textarea name=\"order_comments\" class=\"input-text \" id=\"order_comments\" placeholder=\"Commentaires concernant votre commande, ex.\u00a0: consignes de livraison.\"  rows=\"2\" cols=\"5\"><\/textarea><\/span><\/p>\t\t\t\t\t<\/div>\n\n\t\n\t<\/div>\n\t\t\t<\/div>\n\t\t<\/div>\n\n\t\t\n\t\t\n\t\t\n\t<h3 id=\"order_review_heading\">Votre commande<\/h3>\n\t\n\t\n\t<div id=\"order_review\" class=\"woocommerce-checkout-review-order\">\n\t\t<table class=\"shop_table woocommerce-checkout-review-order-table\">\n\t<thead>\n\t\t<tr>\n\t\t\t<th class=\"product-name\">Produit<\/th>\n\t\t\t<th class=\"product-total\">Sous-total<\/th>\n\t\t<\/tr>\n\t<\/thead>\n\t<tbody>\n\t\t\t\t\t\t<tr class=\"cart_item\">\n\t\t\t\t\t<td class=\"product-name\">\n\t\t\t\t\t\tMicrophone&nbsp;\t\t\t\t\t\t <strong class=\"product-quantity\">&times;&nbsp;1<\/strong>\t\t\t\t\t\t\t\t\t\t\t<\/td>\n\t\t\t\t\t<td class=\"product-total\">\n\t\t\t\t\t\t<span class=\"woocommerce-Price-amount amount\"><bdi><span class=\"woocommerce-Price-currencySymbol\">&#36;<\/span>79.00<\/bdi><\/span>\t\t\t\t\t<\/td>\n\t\t\t\t<\/tr>\n\t\t\t\t\t<\/tbody>\n\t<tfoot>\n\n\t\t<tr class=\"cart-subtotal\">\n\t\t\t<th>Sous-total<\/th>\n\t\t\t<td><span class=\"woocommerce-Price-amount amount\"><bdi><span class=\"woocommerce-Price-currencySymbol\">&#36;<\/span>79.00<\/bdi><\/span><\/td>\n\t\t<\/tr>\n\n\t\t\n\t\t\n\t\t\n\t\t\n\t\t\n\t\t<tr class=\"order-total\">\n\t\t\t<th>Total<\/th>\n\t\t\t<td><strong><span class=\"woocommerce-Price-amount amount\"><bdi><span class=\"woocommerce-Price-currencySymbol\">&#36;<\/span>79.00<\/bdi><\/span><\/strong> <\/td>\n\t\t<\/tr>\n\n\t\t\n\t<\/tfoot>\n<\/table>\n<div id=\"payment\" class=\"woocommerce-checkout-payment\">\n\t\t\t<ul class=\"wc_payment_methods payment_methods methods\">\n\t\t\t<li>\n\t<div class=\"woocommerce-info\">\n\t\tD\u00e9sol\u00e9, il semble qu\u2019il n\u2019y ait aucun moyen de paiement disponible. Veuillez nous contacter si vous avez besoin d\u2019aide ou si vous d\u00e9sirez mettre en place une alternative.\t<\/div>\n<\/li>\t\t<\/ul>\n\t\t<div class=\"form-row place-order\">\n\t\t<noscript>\n\t\t\tVotre navigateur ne supporte pas JavaScript ou bien il est d\u00e9sactiv\u00e9, assurez vous de cliquer sur le bouton <em>Mise \u00e0 Jour Totaux<\/em> avant de passer votre commande. Vous pouvez \u00eatre factur\u00e9 plus que le montant indiqu\u00e9 ci-dessus si vous omettez de le faire.\t\t\t<br\/><button type=\"submit\" class=\"button alt\" name=\"woocommerce_checkout_update_totals\" value=\"Mise \u00e0 jour des totaux\">Mise \u00e0 jour des totaux<\/button>\n\t\t<\/noscript>\n\n\t\t\t<div class=\"woocommerce-terms-and-conditions-wrapper\">\n\t\t<div class=\"woocommerce-privacy-policy-text\"><p>Vos donn\u00e9es personnelles seront utilis\u00e9es pour le traitement de votre commande, vous accompagner au cours de votre visite du site web, et pour d\u2019autres raisons d\u00e9crites dans notre <a href=\"https:\/\/game-factory.fr\/?page_id=3\" class=\"woocommerce-privacy-policy-link\" target=\"_blank\">politique de confidentialit\u00e9<\/a>.<\/p>\n<\/div>\n\t\t\t<\/div>\n\t\n\t\t\n\t\t<button type=\"submit\" class=\"button alt\" name=\"woocommerce_checkout_place_order\" id=\"place_order\" value=\"Commander\" data-value=\"Commander\">Commander<\/button>\n\t\t\n\t\t<input type=\"hidden\" id=\"woocommerce-process-checkout-nonce\" name=\"woocommerce-process-checkout-nonce\" value=\"cca01e9689\" \/><input type=\"hidden\" name=\"_wp_http_referer\" value=\"\/index.php?rest_route=%2Fwp%2Fv2%2Fpages%2F1255\" \/>\t<\/div>\n<\/div>\n\t<\/div>\n\n\t\n<\/form>\n\n<\/div>[\/vc_column][\/vc_row]<\/p>\n<\/div>","protected":false},"excerpt":{"rendered":"<p>[vc_row enable_box_shadow=\u00a0\u00bbno\u00a0\u00bb][vc_column][\/vc_column][\/vc_row]<\/p>\n","protected":false},"author":1,"featured_media":0,"parent":0,"menu_order":0,"comment_status":"closed","ping_status":"closed","template":"","meta":{"footnotes":""},"class_list":["post-1255","page","type-page","status-publish","hentry"],"_links":{"self":[{"href":"https:\/\/game-factory.fr\/index.php?rest_route=\/wp\/v2\/pages\/1255","targetHints":{"allow":["GET"]}}],"collection":[{"href":"https:\/\/game-factory.fr\/index.php?rest_route=\/wp\/v2\/pages"}],"about":[{"href":"https:\/\/game-factory.fr\/index.php?rest_route=\/wp\/v2\/types\/page"}],"author":[{"embeddable":true,"href":"https:\/\/game-factory.fr\/index.php?rest_route=\/wp\/v2\/users\/1"}],"replies":[{"embeddable":true,"href":"https:\/\/game-factory.fr\/index.php?rest_route=%2Fwp%2Fv2%2Fcomments&post=1255"}],"version-history":[{"count":0,"href":"https:\/\/game-factory.fr\/index.php?rest_route=\/wp\/v2\/pages\/1255\/revisions"}],"wp:attachment":[{"href":"https:\/\/game-factory.fr\/index.php?rest_route=%2Fwp%2Fv2%2Fmedia&parent=1255"}],"curies":[{"name":"wp","href":"https:\/\/api.w.org\/{rel}","templated":true}]}}